{"id":8066,"date":"2022-09-30T18:21:39","date_gmt":"2022-09-30T18:21:39","guid":{"rendered":"https:\/\/ebikesrbija.rs\/?post_type=product&#038;p=8066"},"modified":"2022-11-22T14:50:41","modified_gmt":"2022-11-22T14:50:41","slug":"eagle-no-1-2022-crveni","status":"publish","type":"product","link":"https:\/\/ebikesrbija.rs\/en\/product\/eagle-no-1-2022-crveni\/","title":{"rendered":"Eagle No.1 2022 Crveni"},"content":{"rendered":"<div data-elementor-type=\"wp-post\" data-elementor-id=\"8066\" class=\"elementor elementor-8066\">\n\t\t\t\t\t\t<section class=\"elementor-section elementor-top-section elementor-element elementor-element-cbd3c46 elementor-section-boxed elementor-section-height-default elementor-section-height-default\" data-id=\"cbd3c46\" data-element_type=\"section\" data-e-type=\"section\">\n\t\t\t\t\t\t<div class=\"elementor-container elementor-column-gap-no\">\n\t\t\t\t\t<div class=\"elementor-column elementor-col-100 elementor-top-column elementor-element elementor-element-1f16826\" data-id=\"1f16826\" data-element_type=\"column\" data-e-type=\"column\">\n\t\t\t<div class=\"elementor-widget-wrap elementor-element-populated\">\n\t\t\t\t\t\t<section class=\"elementor-section elementor-inner-section elementor-element elementor-element-ca68923 elementor-section-boxed elementor-section-height-default elementor-section-height-default\" data-id=\"ca68923\" data-element_type=\"section\" data-e-type=\"section\">\n\t\t\t\t\t\t<div class=\"elementor-container elementor-column-gap-default\">\n\t\t\t\t\t<div class=\"elementor-column elementor-col-50 elementor-inner-column elementor-element elementor-element-41a7fb2\" data-id=\"41a7fb2\" data-element_type=\"column\" data-e-type=\"column\">\n\t\t\t<div class=\"elementor-widget-wrap elementor-element-populated\">\n\t\t\t\t\t\t<div class=\"elementor-element elementor-element-fd7cd4e elementor-widget elementor-widget-text-editor\" data-id=\"fd7cd4e\" data-element_type=\"widget\" data-e-type=\"widget\" data-widget_type=\"text-editor.default\">\n\t\t\t\t<div class=\"elementor-widget-container\">\n\t\t\t\t\t\t\t\t\t<h4>\u00a0Tehni\u010dki detalji<\/h4><ul><li>Dimenzije bicikla: 146x31x72<\/li><li>Osnova to\u010dka: 1150 mm<\/li><li>Tip gume: 20\u00d71,75 in\u010da<\/li><li>Motor: bez \u010detkica<\/li><li>Snaga motora: 248 W<\/li><li>Prednja ko\u010dnica: dobo\u0161 ko\u010dnica<\/li><\/ul>\t\t\t\t\t\t\t\t<\/div>\n\t\t\t\t<\/div>\n\t\t\t\t\t<\/div>\n\t\t<\/div>\n\t\t\t\t<div class=\"elementor-column elementor-col-50 elementor-inner-column elementor-element elementor-element-048bb77\" data-id=\"048bb77\" data-element_type=\"column\" data-e-type=\"column\">\n\t\t\t<div class=\"elementor-widget-wrap elementor-element-populated\">\n\t\t\t\t\t\t<div class=\"elementor-element elementor-element-a45d8eb elementor-widget elementor-widget-text-editor\" data-id=\"a45d8eb\" data-element_type=\"widget\" data-e-type=\"widget\" data-widget_type=\"text-editor.default\">\n\t\t\t\t<div class=\"elementor-widget-container\">\n\t\t\t\t\t\t\t\t\t<h4><\/h4>\n<ul><br>\n <li>Zadnja ko\u010dnica: ekspanziona ko\u010dnica<\/li>\n \t<li>Instrument tabla: digitalna<\/li>\n \t<li>Farovi: normal<\/li>\n \t<li>Maksimalna brzina: = 25km\/h<\/li>\n \t<li>Maksimalni domet: 60 km(Laboratorijski podaci, stvarna kilometra\u017ea je odredena vremenom, temperaturom, otporom vetra, uslovima na putu, navikama u vo\u017enji itd.)<\/li>\n<\/ul>\t\t\t\t\t\t\t\t<\/div>\n\t\t\t\t<\/div>\n\t\t\t\t\t<\/div>\n\t\t<\/div>\n\t\t\t\t\t<\/div>\n\t\t<\/section>\n\t\t\t\t<section class=\"elementor-section elementor-inner-section elementor-element elementor-element-283fed1 elementor-section-boxed elementor-section-height-default elementor-section-height-default\" data-id=\"283fed1\" data-element_type=\"section\" data-e-type=\"section\">\n\t\t\t\t\t\t<div class=\"elementor-container elementor-column-gap-default\">\n\t\t\t\t\t<div class=\"elementor-column elementor-col-50 elementor-inner-column elementor-element elementor-element-04cca91\" data-id=\"04cca91\" data-element_type=\"column\" data-e-type=\"column\">\n\t\t\t<div class=\"elementor-widget-wrap elementor-element-populated\">\n\t\t\t\t\t\t<div class=\"elementor-element elementor-element-8f0d514 elementor-widget elementor-widget-image\" data-id=\"8f0d514\" data-element_type=\"widget\" data-e-type=\"widget\" data-widget_type=\"image.default\">\n\t\t\t\t<div class=\"elementor-widget-container\">\n\t\t\t\t\t\t\t\t\t\t\t\t\t\t\t<img fetchpriority=\"high\" decoding=\"async\" width=\"800\" height=\"800\" src=\"https:\/\/ebikesrbija.rs\/wp-content\/uploads\/2018\/08\/product-03.jpg\" class=\"attachment-full size-full wp-image-5767\" alt=\"\" \/>\t\t\t\t\t\t\t\t\t\t\t\t\t\t\t<\/div>\n\t\t\t\t<\/div>\n\t\t\t\t\t<\/div>\n\t\t<\/div>\n\t\t\t\t<div class=\"elementor-column elementor-col-50 elementor-inner-column elementor-element elementor-element-3d673d6\" data-id=\"3d673d6\" data-element_type=\"column\" data-e-type=\"column\">\n\t\t\t<div class=\"elementor-widget-wrap elementor-element-populated\">\n\t\t\t\t\t\t<div class=\"elementor-element elementor-element-1103154 elementor-widget elementor-widget-image\" data-id=\"1103154\" data-element_type=\"widget\" data-e-type=\"widget\" data-widget_type=\"image.default\">\n\t\t\t\t<div class=\"elementor-widget-container\">\n\t\t\t\t\t\t\t\t\t\t\t\t\t\t\t<img decoding=\"async\" width=\"800\" height=\"800\" src=\"https:\/\/ebikesrbija.rs\/wp-content\/uploads\/2018\/08\/product-04.jpg\" class=\"attachment-full size-full wp-image-5768\" alt=\"\" \/>\t\t\t\t\t\t\t\t\t\t\t\t\t\t\t<\/div>\n\t\t\t\t<\/div>\n\t\t\t\t\t<\/div>\n\t\t<\/div>\n\t\t\t\t\t<\/div>\n\t\t<\/section>\n\t\t\t\t\t<\/div>\n\t\t<\/div>\n\t\t\t\t\t<\/div>\n\t\t<\/section>\n\t\t\t\t<\/div>","protected":false},"excerpt":{"rendered":"<p>Elektri\u010dni bicikl modernog izgleda i odli\u010dnih performansi. Maksimalan domet 60km. U ponudi su bicikli u bojama: crveni, crni, plavi i beli. Dimenzije tockova su 16 in\u010da, osnova to\u010dka 1150mm. Baterija 48V 12Ah.<\/p>","protected":false},"featured_media":8068,"comment_status":"open","ping_status":"closed","template":"","meta":[],"product_brand":[],"product_cat":[79],"product_tag":[],"class_list":{"0":"post-8066","1":"product","2":"type-product","3":"status-publish","4":"has-post-thumbnail","6":"product_cat-eagle-no-1","9":"instock","10":"shipping-taxable","11":"purchasable","12":"product-type-simple"},"yoast_head":"<!-- This site is optimized with the Yoast SEO Premium plugin v18.2.1 (Yoast SEO v27.4) - https:\/\/yoast.com\/product\/yoast-seo-premium-wordpress\/ -->\n<title>Eagle No.1 2022 Crveni - ebikesrbija.rs<\/title>\n<meta name=\"description\" content=\"Jeftini Elektrobicikli Eagle No1. Beograd. Elektri\u010dni bicikli raznih modela.\" \/>\n<meta name=\"robots\" content=\"index, follow, max-snippet:-1, max-image-preview:large, max-video-preview:-1\" \/>\n<link rel=\"canonical\" href=\"https:\/\/ebikesrbija.rs\/en\/product\/eagle-no-1-2022-crveni\/\" \/>\n<meta property=\"og:locale\" content=\"en_US\" \/>\n<meta property=\"og:type\" content=\"article\" \/>\n<meta property=\"og:title\" content=\"Eagle No.1 2022 Crveni\" \/>\n<meta property=\"og:description\" content=\"Jeftini Elektrobicikli Eagle No1. Beograd. Elektri\u010dni bicikli raznih modela.\" \/>\n<meta property=\"og:url\" content=\"https:\/\/ebikesrbija.rs\/en\/product\/eagle-no-1-2022-crveni\/\" \/>\n<meta property=\"og:site_name\" content=\"ebikesrbija.rs\" \/>\n<meta property=\"article:modified_time\" content=\"2022-11-22T14:50:41+00:00\" \/>\n<meta property=\"og:image\" content=\"https:\/\/ebikesrbija.rs\/wp-content\/uploads\/2022\/09\/Eagle-2022-crveni.png\" \/>\n\t<meta property=\"og:image:width\" content=\"1500\" \/>\n\t<meta property=\"og:image:height\" content=\"1500\" \/>\n\t<meta property=\"og:image:type\" content=\"image\/png\" \/>\n<meta name=\"twitter:card\" content=\"summary_large_image\" \/>\n<meta name=\"twitter:label1\" content=\"Est. reading time\" \/>\n\t<meta name=\"twitter:data1\" content=\"1 minute\" \/>\n<script type=\"application\/ld+json\" class=\"yoast-schema-graph\">{\"@context\":\"https:\\\/\\\/schema.org\",\"@graph\":[{\"@type\":[\"WebPage\",\"ItemPage\"],\"@id\":\"https:\\\/\\\/ebikesrbija.rs\\\/product\\\/eagle-no-1-2022-crveni\\\/\",\"url\":\"https:\\\/\\\/ebikesrbija.rs\\\/product\\\/eagle-no-1-2022-crveni\\\/\",\"name\":\"Eagle No.1 2022 Crveni - ebikesrbija.rs\",\"isPartOf\":{\"@id\":\"https:\\\/\\\/ebikesrbija.rs\\\/#website\"},\"primaryImageOfPage\":{\"@id\":\"https:\\\/\\\/ebikesrbija.rs\\\/product\\\/eagle-no-1-2022-crveni\\\/#primaryimage\"},\"image\":{\"@id\":\"https:\\\/\\\/ebikesrbija.rs\\\/product\\\/eagle-no-1-2022-crveni\\\/#primaryimage\"},\"thumbnailUrl\":\"https:\\\/\\\/ebikesrbija.rs\\\/wp-content\\\/uploads\\\/2022\\\/09\\\/Eagle-2022-crveni.png\",\"datePublished\":\"2022-09-30T18:21:39+00:00\",\"dateModified\":\"2022-11-22T14:50:41+00:00\",\"description\":\"Jeftini Elektrobicikli Eagle No1. Beograd. Elektri\u010dni bicikli raznih modela.\",\"breadcrumb\":{\"@id\":\"https:\\\/\\\/ebikesrbija.rs\\\/product\\\/eagle-no-1-2022-crveni\\\/#breadcrumb\"},\"inLanguage\":\"en-US\",\"potentialAction\":[{\"@type\":\"ReadAction\",\"target\":[\"https:\\\/\\\/ebikesrbija.rs\\\/product\\\/eagle-no-1-2022-crveni\\\/\"]}]},{\"@type\":\"ImageObject\",\"inLanguage\":\"en-US\",\"@id\":\"https:\\\/\\\/ebikesrbija.rs\\\/product\\\/eagle-no-1-2022-crveni\\\/#primaryimage\",\"url\":\"https:\\\/\\\/ebikesrbija.rs\\\/wp-content\\\/uploads\\\/2022\\\/09\\\/Eagle-2022-crveni.png\",\"contentUrl\":\"https:\\\/\\\/ebikesrbija.rs\\\/wp-content\\\/uploads\\\/2022\\\/09\\\/Eagle-2022-crveni.png\",\"width\":1500,\"height\":1500,\"caption\":\"Eagle 1 crveni\"},{\"@type\":\"BreadcrumbList\",\"@id\":\"https:\\\/\\\/ebikesrbija.rs\\\/product\\\/eagle-no-1-2022-crveni\\\/#breadcrumb\",\"itemListElement\":[{\"@type\":\"ListItem\",\"position\":1,\"name\":\"Home\",\"item\":\"https:\\\/\\\/ebikesrbija.rs\\\/\"},{\"@type\":\"ListItem\",\"position\":2,\"name\":\"Shop\",\"item\":\"https:\\\/\\\/ebikesrbija.rs\\\/shop\\\/\"},{\"@type\":\"ListItem\",\"position\":3,\"name\":\"Eagle No.1 2022 Crveni\"}]},{\"@type\":\"WebSite\",\"@id\":\"https:\\\/\\\/ebikesrbija.rs\\\/#website\",\"url\":\"https:\\\/\\\/ebikesrbija.rs\\\/\",\"name\":\"ebikesrbija.rs\",\"description\":\"Just another WordPress site\",\"potentialAction\":[{\"@type\":\"SearchAction\",\"target\":{\"@type\":\"EntryPoint\",\"urlTemplate\":\"https:\\\/\\\/ebikesrbija.rs\\\/?s={search_term_string}\"},\"query-input\":{\"@type\":\"PropertyValueSpecification\",\"valueRequired\":true,\"valueName\":\"search_term_string\"}}],\"inLanguage\":\"en-US\"},{\"@type\":\"ImageObject\",\"inLanguage\":\"en-US\",\"@id\":\"https:\\\/\\\/ebikesrbija.rs\\\/product\\\/eagle-no-1-2022-crveni\\\/#local-main-organization-logo\",\"url\":\"\",\"contentUrl\":\"\",\"caption\":\"ebikesrbija.rs\"}]}<\/script>\n<!-- \/ Yoast SEO Premium plugin. -->","yoast_head_json":{"title":"Eagle No.1 2022 Crveni - ebikesrbija.rs","description":"Jeftini Elektrobicikli Eagle No1. Beograd. Elektri\u010dni bicikli raznih modela.","robots":{"index":"index","follow":"follow","max-snippet":"max-snippet:-1","max-image-preview":"max-image-preview:large","max-video-preview":"max-video-preview:-1"},"canonical":"https:\/\/ebikesrbija.rs\/en\/product\/eagle-no-1-2022-crveni\/","og_locale":"en_US","og_type":"article","og_title":"Eagle No.1 2022 Crveni","og_description":"Jeftini Elektrobicikli Eagle No1. Beograd. Elektri\u010dni bicikli raznih modela.","og_url":"https:\/\/ebikesrbija.rs\/en\/product\/eagle-no-1-2022-crveni\/","og_site_name":"ebikesrbija.rs","article_modified_time":"2022-11-22T14:50:41+00:00","og_image":[{"width":1500,"height":1500,"url":"https:\/\/ebikesrbija.rs\/wp-content\/uploads\/2022\/09\/Eagle-2022-crveni.png","type":"image\/png"}],"twitter_card":"summary_large_image","twitter_misc":{"Est. reading time":"1 minute"},"schema":{"@context":"https:\/\/schema.org","@graph":[{"@type":["WebPage","ItemPage"],"@id":"https:\/\/ebikesrbija.rs\/product\/eagle-no-1-2022-crveni\/","url":"https:\/\/ebikesrbija.rs\/product\/eagle-no-1-2022-crveni\/","name":"Eagle No.1 2022 Crveni - ebikesrbija.rs","isPartOf":{"@id":"https:\/\/ebikesrbija.rs\/#website"},"primaryImageOfPage":{"@id":"https:\/\/ebikesrbija.rs\/product\/eagle-no-1-2022-crveni\/#primaryimage"},"image":{"@id":"https:\/\/ebikesrbija.rs\/product\/eagle-no-1-2022-crveni\/#primaryimage"},"thumbnailUrl":"https:\/\/ebikesrbija.rs\/wp-content\/uploads\/2022\/09\/Eagle-2022-crveni.png","datePublished":"2022-09-30T18:21:39+00:00","dateModified":"2022-11-22T14:50:41+00:00","description":"Jeftini Elektrobicikli Eagle No1. Beograd. Elektri\u010dni bicikli raznih modela.","breadcrumb":{"@id":"https:\/\/ebikesrbija.rs\/product\/eagle-no-1-2022-crveni\/#breadcrumb"},"inLanguage":"en-US","potentialAction":[{"@type":"ReadAction","target":["https:\/\/ebikesrbija.rs\/product\/eagle-no-1-2022-crveni\/"]}]},{"@type":"ImageObject","inLanguage":"en-US","@id":"https:\/\/ebikesrbija.rs\/product\/eagle-no-1-2022-crveni\/#primaryimage","url":"https:\/\/ebikesrbija.rs\/wp-content\/uploads\/2022\/09\/Eagle-2022-crveni.png","contentUrl":"https:\/\/ebikesrbija.rs\/wp-content\/uploads\/2022\/09\/Eagle-2022-crveni.png","width":1500,"height":1500,"caption":"Eagle 1 crveni"},{"@type":"BreadcrumbList","@id":"https:\/\/ebikesrbija.rs\/product\/eagle-no-1-2022-crveni\/#breadcrumb","itemListElement":[{"@type":"ListItem","position":1,"name":"Home","item":"https:\/\/ebikesrbija.rs\/"},{"@type":"ListItem","position":2,"name":"Shop","item":"https:\/\/ebikesrbija.rs\/shop\/"},{"@type":"ListItem","position":3,"name":"Eagle No.1 2022 Crveni"}]},{"@type":"WebSite","@id":"https:\/\/ebikesrbija.rs\/#website","url":"https:\/\/ebikesrbija.rs\/","name":"ebikesrbija.rs","description":"Just another WordPress site","potentialAction":[{"@type":"SearchAction","target":{"@type":"EntryPoint","urlTemplate":"https:\/\/ebikesrbija.rs\/?s={search_term_string}"},"query-input":{"@type":"PropertyValueSpecification","valueRequired":true,"valueName":"search_term_string"}}],"inLanguage":"en-US"},{"@type":"ImageObject","inLanguage":"en-US","@id":"https:\/\/ebikesrbija.rs\/product\/eagle-no-1-2022-crveni\/#local-main-organization-logo","url":"","contentUrl":"","caption":"ebikesrbija.rs"}]}},"_links":{"self":[{"href":"https:\/\/ebikesrbija.rs\/en\/wp-json\/wp\/v2\/product\/8066","targetHints":{"allow":["GET"]}}],"collection":[{"href":"https:\/\/ebikesrbija.rs\/en\/wp-json\/wp\/v2\/product"}],"about":[{"href":"https:\/\/ebikesrbija.rs\/en\/wp-json\/wp\/v2\/types\/product"}],"replies":[{"embeddable":true,"href":"https:\/\/ebikesrbija.rs\/en\/wp-json\/wp\/v2\/comments?post=8066"}],"version-history":[{"count":6,"href":"https:\/\/ebikesrbija.rs\/en\/wp-json\/wp\/v2\/product\/8066\/revisions"}],"predecessor-version":[{"id":8595,"href":"https:\/\/ebikesrbija.rs\/en\/wp-json\/wp\/v2\/product\/8066\/revisions\/8595"}],"wp:featuredmedia":[{"embeddable":true,"href":"https:\/\/ebikesrbija.rs\/en\/wp-json\/wp\/v2\/media\/8068"}],"wp:attachment":[{"href":"https:\/\/ebikesrbija.rs\/en\/wp-json\/wp\/v2\/media?parent=8066"}],"wp:term":[{"taxonomy":"product_brand","embeddable":true,"href":"https:\/\/ebikesrbija.rs\/en\/wp-json\/wp\/v2\/product_brand?post=8066"},{"taxonomy":"product_cat","embeddable":true,"href":"https:\/\/ebikesrbija.rs\/en\/wp-json\/wp\/v2\/product_cat?post=8066"},{"taxonomy":"product_tag","embeddable":true,"href":"https:\/\/ebikesrbija.rs\/en\/wp-json\/wp\/v2\/product_tag?post=8066"}],"curies":[{"name":"wp","href":"https:\/\/api.w.org\/{rel}","templated":true}]}}