{"id":8287,"date":"2022-10-03T09:40:16","date_gmt":"2022-10-03T09:40:16","guid":{"rendered":"https:\/\/ebikesrbija.rs\/?post_type=product&#038;p=8287"},"modified":"2024-07-08T15:47:07","modified_gmt":"2024-07-08T15:47:07","slug":"pony-e-sivi","status":"publish","type":"product","link":"https:\/\/ebikesrbija.rs\/en\/product\/pony-e-sivi\/","title":{"rendered":"Pony E Sivi"},"content":{"rendered":"<div data-elementor-type=\"wp-post\" data-elementor-id=\"8287\" class=\"elementor elementor-8287\">\n\t\t\t\t\t\t<section class=\"elementor-section elementor-top-section elementor-element elementor-element-6db94e9 elementor-section-boxed elementor-section-height-default elementor-section-height-default\" data-id=\"6db94e9\" data-element_type=\"section\" data-e-type=\"section\">\n\t\t\t\t\t\t<div class=\"elementor-container elementor-column-gap-no\">\n\t\t\t\t\t<div class=\"elementor-column elementor-col-100 elementor-top-column elementor-element elementor-element-d763c57\" data-id=\"d763c57\" data-element_type=\"column\" data-e-type=\"column\">\n\t\t\t<div class=\"elementor-widget-wrap elementor-element-populated\">\n\t\t\t\t\t\t<section class=\"elementor-section elementor-inner-section elementor-element elementor-element-80c5a67 elementor-section-boxed elementor-section-height-default elementor-section-height-default\" data-id=\"80c5a67\" data-element_type=\"section\" data-e-type=\"section\">\n\t\t\t\t\t\t<div class=\"elementor-container elementor-column-gap-default\">\n\t\t\t\t\t<div class=\"elementor-column elementor-col-50 elementor-inner-column elementor-element elementor-element-1fbb029\" data-id=\"1fbb029\" data-element_type=\"column\" data-e-type=\"column\">\n\t\t\t<div class=\"elementor-widget-wrap elementor-element-populated\">\n\t\t\t\t\t\t<div class=\"elementor-element elementor-element-de9ea68 elementor-widget elementor-widget-text-editor\" data-id=\"de9ea68\" data-element_type=\"widget\" data-e-type=\"widget\" data-widget_type=\"text-editor.default\">\n\t\t\t\t<div class=\"elementor-widget-container\">\n\t\t\t\t\t\t\t\t\t<h4>Tehni\u010dki detalji<\/h4><ul><li>Motor: bez \u010detkica<\/li><li>Snaga motora: 250 W<\/li><li>Dimenzije gume: 20 in\u010da<\/li><li>Tip baterije: 36V 12Ah Olovno-kiselinska<\/li><li>Farovi: normal<\/li><li>Instrument tabla: digitalna<\/li><\/ul>\t\t\t\t\t\t\t\t<\/div>\n\t\t\t\t<\/div>\n\t\t\t\t\t<\/div>\n\t\t<\/div>\n\t\t\t\t<div class=\"elementor-column elementor-col-50 elementor-inner-column elementor-element elementor-element-fad57a7\" data-id=\"fad57a7\" data-element_type=\"column\" data-e-type=\"column\">\n\t\t\t<div class=\"elementor-widget-wrap elementor-element-populated\">\n\t\t\t\t\t\t<div class=\"elementor-element elementor-element-95f5696 elementor-widget elementor-widget-text-editor\" data-id=\"95f5696\" data-element_type=\"widget\" data-e-type=\"widget\" data-widget_type=\"text-editor.default\">\n\t\t\t\t<div class=\"elementor-widget-container\">\n\t\t\t\t\t\t\t\t\t<h4><\/h4>\n&nbsp;\n<ul>\n \t<li>Prednja ko\u010dnica: dobo\u0161 ko\u010dnica<\/li>\n \t<li>Zadnja ko\u010dnica: ekspanziona ko\u010dnica<\/li>\n \t<li>Maksimalna brzina: \u2264 25km\/h<\/li>\n \t<li>Maksimalni domet: 25km\uff08Laboratorijski podaci, stvarna kilometra\u017ea je odre\u0111ena vremenom, temperaturom, otporom vetra, uslovima na putu, navikama u vo\u017enji itd.\uff09<\/li>\n<\/ul>\t\t\t\t\t\t\t\t<\/div>\n\t\t\t\t<\/div>\n\t\t\t\t\t<\/div>\n\t\t<\/div>\n\t\t\t\t\t<\/div>\n\t\t<\/section>\n\t\t\t\t<section class=\"elementor-section elementor-inner-section elementor-element elementor-element-312178b elementor-section-boxed elementor-section-height-default elementor-section-height-default\" data-id=\"312178b\" data-element_type=\"section\" data-e-type=\"section\">\n\t\t\t\t\t\t<div class=\"elementor-container elementor-column-gap-default\">\n\t\t\t\t\t<div class=\"elementor-column elementor-col-50 elementor-inner-column elementor-element elementor-element-19ae797\" data-id=\"19ae797\" data-element_type=\"column\" data-e-type=\"column\">\n\t\t\t<div class=\"elementor-widget-wrap elementor-element-populated\">\n\t\t\t\t\t\t<div class=\"elementor-element elementor-element-f1505db elementor-widget elementor-widget-image\" data-id=\"f1505db\" data-element_type=\"widget\" data-e-type=\"widget\" data-widget_type=\"image.default\">\n\t\t\t\t<div class=\"elementor-widget-container\">\n\t\t\t\t\t\t\t\t\t\t\t\t\t\t\t<img fetchpriority=\"high\" decoding=\"async\" width=\"800\" height=\"800\" src=\"https:\/\/ebikesrbija.rs\/wp-content\/uploads\/2018\/08\/product-03.jpg\" class=\"attachment-full size-full wp-image-5767\" alt=\"\" \/>\t\t\t\t\t\t\t\t\t\t\t\t\t\t\t<\/div>\n\t\t\t\t<\/div>\n\t\t\t\t\t<\/div>\n\t\t<\/div>\n\t\t\t\t<div class=\"elementor-column elementor-col-50 elementor-inner-column elementor-element elementor-element-4bad8b4\" data-id=\"4bad8b4\" data-element_type=\"column\" data-e-type=\"column\">\n\t\t\t<div class=\"elementor-widget-wrap elementor-element-populated\">\n\t\t\t\t\t\t<div class=\"elementor-element elementor-element-18e10f4 elementor-widget elementor-widget-image\" data-id=\"18e10f4\" data-element_type=\"widget\" data-e-type=\"widget\" data-widget_type=\"image.default\">\n\t\t\t\t<div class=\"elementor-widget-container\">\n\t\t\t\t\t\t\t\t\t\t\t\t\t\t\t<img decoding=\"async\" width=\"800\" height=\"800\" src=\"https:\/\/ebikesrbija.rs\/wp-content\/uploads\/2018\/08\/product-04.jpg\" class=\"attachment-full size-full wp-image-5768\" alt=\"\" \/>\t\t\t\t\t\t\t\t\t\t\t\t\t\t\t<\/div>\n\t\t\t\t<\/div>\n\t\t\t\t\t<\/div>\n\t\t<\/div>\n\t\t\t\t\t<\/div>\n\t\t<\/section>\n\t\t\t\t<div class=\"elementor-element elementor-element-a0bd7be elementor-widget elementor-widget-text-editor\" data-id=\"a0bd7be\" data-element_type=\"widget\" data-e-type=\"widget\" data-widget_type=\"text-editor.default\">\n\t\t\t\t<div class=\"elementor-widget-container\">\n\t\t\t\t\t\t\t\t\t<p>Donec at arcu ante. Orci varius natoque penatibus et magnis dis parturient montes, nascetur ridiculus mus. Fusce eget sodales mi. In venenatis nulla quam, nec egestas dolor vehicula sed. Pellentesque quis dignissim augue. Aliquam cursus at nulla nec elementum. Curabitur vel lorem nec neque porttitor team por.Nullam tincidunt fermentum dui, a faucibus tellus aliquet et.<\/p>\t\t\t\t\t\t\t\t<\/div>\n\t\t\t\t<\/div>\n\t\t\t\t\t<\/div>\n\t\t<\/div>\n\t\t\t\t\t<\/div>\n\t\t<\/section>\n\t\t\t\t<\/div>","protected":false},"excerpt":{"rendered":"<p>Elektro Bicikli Pony E Sivi-Novi modeli za 2022. godinu, modernog izgleda i odli\u010dnih performansi. U ponudi su sivi, crveni i crni. Dimenzije to\u010dkova 20 in\u010da, baterija 36V 12Ah.<\/p>","protected":false},"featured_media":8292,"comment_status":"open","ping_status":"closed","template":"","meta":[],"product_brand":[],"product_cat":[81],"product_tag":[88],"class_list":{"0":"post-8287","1":"product","2":"type-product","3":"status-publish","4":"has-post-thumbnail","6":"product_cat-pony-e","7":"product_tag-e-pony-elektro-bicikl","10":"instock","11":"shipping-taxable","12":"purchasable","13":"product-type-simple"},"yoast_head":"<!-- This site is optimized with the Yoast SEO Premium plugin v18.2.1 (Yoast SEO v27.4) - https:\/\/yoast.com\/product\/yoast-seo-premium-wordpress\/ -->\n<title>Pony E Sivi - ebikesrbija.rs<\/title>\n<meta name=\"description\" content=\"Pony E Sivi -Novi modeli za 2022. godinu, modernog izgleda i odli\u010dnih performansi. U ponudi su sivi, crveni i crni.\" \/>\n<meta name=\"robots\" content=\"index, follow, max-snippet:-1, max-image-preview:large, max-video-preview:-1\" \/>\n<link rel=\"canonical\" href=\"https:\/\/ebikesrbija.rs\/en\/product\/pony-e-sivi\/\" \/>\n<meta property=\"og:locale\" content=\"en_US\" \/>\n<meta property=\"og:type\" content=\"article\" \/>\n<meta property=\"og:title\" content=\"Pony E Sivi\" \/>\n<meta property=\"og:description\" content=\"Pony E Sivi -Novi modeli za 2022. godinu, modernog izgleda i odli\u010dnih performansi. U ponudi su sivi, crveni i crni.\" \/>\n<meta property=\"og:url\" content=\"https:\/\/ebikesrbija.rs\/en\/product\/pony-e-sivi\/\" \/>\n<meta property=\"og:site_name\" content=\"ebikesrbija.rs\" \/>\n<meta property=\"article:modified_time\" content=\"2024-07-08T15:47:07+00:00\" \/>\n<meta property=\"og:image\" content=\"https:\/\/ebikesrbija.rs\/wp-content\/uploads\/2022\/10\/PONYE-SIVI-1.png\" \/>\n\t<meta property=\"og:image:width\" content=\"1500\" \/>\n\t<meta property=\"og:image:height\" content=\"1500\" \/>\n\t<meta property=\"og:image:type\" content=\"image\/png\" \/>\n<meta name=\"twitter:card\" content=\"summary_large_image\" \/>\n<meta name=\"twitter:label1\" content=\"Est. reading time\" \/>\n\t<meta name=\"twitter:data1\" content=\"1 minute\" \/>\n<script type=\"application\/ld+json\" class=\"yoast-schema-graph\">{\"@context\":\"https:\\\/\\\/schema.org\",\"@graph\":[{\"@type\":\"WebPage\",\"@id\":\"https:\\\/\\\/ebikesrbija.rs\\\/product\\\/pony-e-sivi\\\/\",\"url\":\"https:\\\/\\\/ebikesrbija.rs\\\/product\\\/pony-e-sivi\\\/\",\"name\":\"Pony E Sivi - ebikesrbija.rs\",\"isPartOf\":{\"@id\":\"https:\\\/\\\/ebikesrbija.rs\\\/#website\"},\"primaryImageOfPage\":{\"@id\":\"https:\\\/\\\/ebikesrbija.rs\\\/product\\\/pony-e-sivi\\\/#primaryimage\"},\"image\":{\"@id\":\"https:\\\/\\\/ebikesrbija.rs\\\/product\\\/pony-e-sivi\\\/#primaryimage\"},\"thumbnailUrl\":\"https:\\\/\\\/ebikesrbija.rs\\\/wp-content\\\/uploads\\\/2022\\\/10\\\/PONYE-SIVI-1.png\",\"datePublished\":\"2022-10-03T09:40:16+00:00\",\"dateModified\":\"2024-07-08T15:47:07+00:00\",\"description\":\"Pony E Sivi -Novi modeli za 2022. godinu, modernog izgleda i odli\u010dnih performansi. U ponudi su sivi, crveni i crni.\",\"breadcrumb\":{\"@id\":\"https:\\\/\\\/ebikesrbija.rs\\\/product\\\/pony-e-sivi\\\/#breadcrumb\"},\"inLanguage\":\"en-US\",\"potentialAction\":[{\"@type\":\"ReadAction\",\"target\":[\"https:\\\/\\\/ebikesrbija.rs\\\/product\\\/pony-e-sivi\\\/\"]}]},{\"@type\":\"ImageObject\",\"inLanguage\":\"en-US\",\"@id\":\"https:\\\/\\\/ebikesrbija.rs\\\/product\\\/pony-e-sivi\\\/#primaryimage\",\"url\":\"https:\\\/\\\/ebikesrbija.rs\\\/wp-content\\\/uploads\\\/2022\\\/10\\\/PONYE-SIVI-1.png\",\"contentUrl\":\"https:\\\/\\\/ebikesrbija.rs\\\/wp-content\\\/uploads\\\/2022\\\/10\\\/PONYE-SIVI-1.png\",\"width\":1500,\"height\":1500,\"caption\":\"Sivi e pony bicikl\"},{\"@type\":\"BreadcrumbList\",\"@id\":\"https:\\\/\\\/ebikesrbija.rs\\\/product\\\/pony-e-sivi\\\/#breadcrumb\",\"itemListElement\":[{\"@type\":\"ListItem\",\"position\":1,\"name\":\"Home\",\"item\":\"https:\\\/\\\/ebikesrbija.rs\\\/\"},{\"@type\":\"ListItem\",\"position\":2,\"name\":\"Shop\",\"item\":\"https:\\\/\\\/ebikesrbija.rs\\\/shop\\\/\"},{\"@type\":\"ListItem\",\"position\":3,\"name\":\"Pony E Sivi\"}]},{\"@type\":\"WebSite\",\"@id\":\"https:\\\/\\\/ebikesrbija.rs\\\/#website\",\"url\":\"https:\\\/\\\/ebikesrbija.rs\\\/\",\"name\":\"ebikesrbija.rs\",\"description\":\"Just another WordPress site\",\"potentialAction\":[{\"@type\":\"SearchAction\",\"target\":{\"@type\":\"EntryPoint\",\"urlTemplate\":\"https:\\\/\\\/ebikesrbija.rs\\\/?s={search_term_string}\"},\"query-input\":{\"@type\":\"PropertyValueSpecification\",\"valueRequired\":true,\"valueName\":\"search_term_string\"}}],\"inLanguage\":\"en-US\"},{\"@type\":\"ImageObject\",\"inLanguage\":\"en-US\",\"@id\":\"https:\\\/\\\/ebikesrbija.rs\\\/product\\\/pony-e-sivi\\\/#local-main-organization-logo\",\"url\":\"\",\"contentUrl\":\"\",\"caption\":\"ebikesrbija.rs\"}]}<\/script>\n<!-- \/ Yoast SEO Premium plugin. -->","yoast_head_json":{"title":"Pony E Sivi - ebikesrbija.rs","description":"Pony E Sivi -Novi modeli za 2022. godinu, modernog izgleda i odli\u010dnih performansi. U ponudi su sivi, crveni i crni.","robots":{"index":"index","follow":"follow","max-snippet":"max-snippet:-1","max-image-preview":"max-image-preview:large","max-video-preview":"max-video-preview:-1"},"canonical":"https:\/\/ebikesrbija.rs\/en\/product\/pony-e-sivi\/","og_locale":"en_US","og_type":"article","og_title":"Pony E Sivi","og_description":"Pony E Sivi -Novi modeli za 2022. godinu, modernog izgleda i odli\u010dnih performansi. U ponudi su sivi, crveni i crni.","og_url":"https:\/\/ebikesrbija.rs\/en\/product\/pony-e-sivi\/","og_site_name":"ebikesrbija.rs","article_modified_time":"2024-07-08T15:47:07+00:00","og_image":[{"width":1500,"height":1500,"url":"https:\/\/ebikesrbija.rs\/wp-content\/uploads\/2022\/10\/PONYE-SIVI-1.png","type":"image\/png"}],"twitter_card":"summary_large_image","twitter_misc":{"Est. reading time":"1 minute"},"schema":{"@context":"https:\/\/schema.org","@graph":[{"@type":"WebPage","@id":"https:\/\/ebikesrbija.rs\/product\/pony-e-sivi\/","url":"https:\/\/ebikesrbija.rs\/product\/pony-e-sivi\/","name":"Pony E Sivi - ebikesrbija.rs","isPartOf":{"@id":"https:\/\/ebikesrbija.rs\/#website"},"primaryImageOfPage":{"@id":"https:\/\/ebikesrbija.rs\/product\/pony-e-sivi\/#primaryimage"},"image":{"@id":"https:\/\/ebikesrbija.rs\/product\/pony-e-sivi\/#primaryimage"},"thumbnailUrl":"https:\/\/ebikesrbija.rs\/wp-content\/uploads\/2022\/10\/PONYE-SIVI-1.png","datePublished":"2022-10-03T09:40:16+00:00","dateModified":"2024-07-08T15:47:07+00:00","description":"Pony E Sivi -Novi modeli za 2022. godinu, modernog izgleda i odli\u010dnih performansi. U ponudi su sivi, crveni i crni.","breadcrumb":{"@id":"https:\/\/ebikesrbija.rs\/product\/pony-e-sivi\/#breadcrumb"},"inLanguage":"en-US","potentialAction":[{"@type":"ReadAction","target":["https:\/\/ebikesrbija.rs\/product\/pony-e-sivi\/"]}]},{"@type":"ImageObject","inLanguage":"en-US","@id":"https:\/\/ebikesrbija.rs\/product\/pony-e-sivi\/#primaryimage","url":"https:\/\/ebikesrbija.rs\/wp-content\/uploads\/2022\/10\/PONYE-SIVI-1.png","contentUrl":"https:\/\/ebikesrbija.rs\/wp-content\/uploads\/2022\/10\/PONYE-SIVI-1.png","width":1500,"height":1500,"caption":"Sivi e pony bicikl"},{"@type":"BreadcrumbList","@id":"https:\/\/ebikesrbija.rs\/product\/pony-e-sivi\/#breadcrumb","itemListElement":[{"@type":"ListItem","position":1,"name":"Home","item":"https:\/\/ebikesrbija.rs\/"},{"@type":"ListItem","position":2,"name":"Shop","item":"https:\/\/ebikesrbija.rs\/shop\/"},{"@type":"ListItem","position":3,"name":"Pony E Sivi"}]},{"@type":"WebSite","@id":"https:\/\/ebikesrbija.rs\/#website","url":"https:\/\/ebikesrbija.rs\/","name":"ebikesrbija.rs","description":"Just another WordPress site","potentialAction":[{"@type":"SearchAction","target":{"@type":"EntryPoint","urlTemplate":"https:\/\/ebikesrbija.rs\/?s={search_term_string}"},"query-input":{"@type":"PropertyValueSpecification","valueRequired":true,"valueName":"search_term_string"}}],"inLanguage":"en-US"},{"@type":"ImageObject","inLanguage":"en-US","@id":"https:\/\/ebikesrbija.rs\/product\/pony-e-sivi\/#local-main-organization-logo","url":"","contentUrl":"","caption":"ebikesrbija.rs"}]}},"_links":{"self":[{"href":"https:\/\/ebikesrbija.rs\/en\/wp-json\/wp\/v2\/product\/8287","targetHints":{"allow":["GET"]}}],"collection":[{"href":"https:\/\/ebikesrbija.rs\/en\/wp-json\/wp\/v2\/product"}],"about":[{"href":"https:\/\/ebikesrbija.rs\/en\/wp-json\/wp\/v2\/types\/product"}],"replies":[{"embeddable":true,"href":"https:\/\/ebikesrbija.rs\/en\/wp-json\/wp\/v2\/comments?post=8287"}],"version-history":[{"count":3,"href":"https:\/\/ebikesrbija.rs\/en\/wp-json\/wp\/v2\/product\/8287\/revisions"}],"predecessor-version":[{"id":8485,"href":"https:\/\/ebikesrbija.rs\/en\/wp-json\/wp\/v2\/product\/8287\/revisions\/8485"}],"wp:featuredmedia":[{"embeddable":true,"href":"https:\/\/ebikesrbija.rs\/en\/wp-json\/wp\/v2\/media\/8292"}],"wp:attachment":[{"href":"https:\/\/ebikesrbija.rs\/en\/wp-json\/wp\/v2\/media?parent=8287"}],"wp:term":[{"taxonomy":"product_brand","embeddable":true,"href":"https:\/\/ebikesrbija.rs\/en\/wp-json\/wp\/v2\/product_brand?post=8287"},{"taxonomy":"product_cat","embeddable":true,"href":"https:\/\/ebikesrbija.rs\/en\/wp-json\/wp\/v2\/product_cat?post=8287"},{"taxonomy":"product_tag","embeddable":true,"href":"https:\/\/ebikesrbija.rs\/en\/wp-json\/wp\/v2\/product_tag?post=8287"}],"curies":[{"name":"wp","href":"https:\/\/api.w.org\/{rel}","templated":true}]}}