{"id":8423,"date":"2022-10-04T16:19:17","date_gmt":"2022-10-04T16:19:17","guid":{"rendered":"https:\/\/ebikesrbija.rs\/?post_type=product&#038;p=8423"},"modified":"2025-01-10T02:57:38","modified_gmt":"2025-01-10T02:57:38","slug":"apn-6-crni","status":"publish","type":"product","link":"https:\/\/ebikesrbija.rs\/en\/product\/apn-6-crni\/","title":{"rendered":"APN 6 Crni"},"content":{"rendered":"<div data-elementor-type=\"wp-post\" data-elementor-id=\"8423\" class=\"elementor elementor-8423\">\n\t\t\t\t\t\t<section class=\"elementor-section elementor-top-section elementor-element elementor-element-36a16fc7 elementor-section-boxed elementor-section-height-default elementor-section-height-default\" data-id=\"36a16fc7\" data-element_type=\"section\" data-e-type=\"section\">\n\t\t\t\t\t\t<div class=\"elementor-container elementor-column-gap-no\">\n\t\t\t\t\t<div class=\"elementor-column elementor-col-100 elementor-top-column elementor-element elementor-element-38491aab\" data-id=\"38491aab\" data-element_type=\"column\" data-e-type=\"column\">\n\t\t\t<div class=\"elementor-widget-wrap elementor-element-populated\">\n\t\t\t\t\t\t<section class=\"elementor-section elementor-inner-section elementor-element elementor-element-9331fe7 elementor-section-boxed elementor-section-height-default elementor-section-height-default\" data-id=\"9331fe7\" data-element_type=\"section\" data-e-type=\"section\">\n\t\t\t\t\t\t<div class=\"elementor-container elementor-column-gap-default\">\n\t\t\t\t\t<div class=\"elementor-column elementor-col-50 elementor-inner-column elementor-element elementor-element-6745eaa1\" data-id=\"6745eaa1\" data-element_type=\"column\" data-e-type=\"column\">\n\t\t\t<div class=\"elementor-widget-wrap elementor-element-populated\">\n\t\t\t\t\t\t<div class=\"elementor-element elementor-element-5752609 elementor-widget elementor-widget-text-editor\" data-id=\"5752609\" data-element_type=\"widget\" data-e-type=\"widget\" data-widget_type=\"text-editor.default\">\n\t\t\t\t<div class=\"elementor-widget-container\">\n\t\t\t\t\t\t\t\t\t<h4>Tehni\u010dki detalji<\/h4>\n<ul>\n \t<li>Dimenzije bicikla: 1823x300x1300 mm<\/li>\n         <li>Motor: bez \u010detkica<\/li>\n \t<li>Snaga motora: 248 W<\/li>\n \t<li>Dimenzije gume: 22 in\u010da\/17-2.25 in\u010da<\/li>\n        <li>Osnova to\u010dka: 1250mm<\/li>\n       <li>Tip baterije: 48V 12Ah Olovno-kiselinska<\/li>\n \t<li>Farovi: normal<\/li>\n \t<li>Instrument tabla: digitalna<\/li>\n<\/ul>\t\t\t\t\t\t\t\t<\/div>\n\t\t\t\t<\/div>\n\t\t\t\t\t<\/div>\n\t\t<\/div>\n\t\t\t\t<div class=\"elementor-column elementor-col-50 elementor-inner-column elementor-element elementor-element-3970fe89\" data-id=\"3970fe89\" data-element_type=\"column\" data-e-type=\"column\">\n\t\t\t<div class=\"elementor-widget-wrap elementor-element-populated\">\n\t\t\t\t\t\t<div class=\"elementor-element elementor-element-30573251 elementor-widget elementor-widget-text-editor\" data-id=\"30573251\" data-element_type=\"widget\" data-e-type=\"widget\" data-widget_type=\"text-editor.default\">\n\t\t\t\t<div class=\"elementor-widget-container\">\n\t\t\t\t\t\t\t\t\t&nbsp;\n<ul>\n \t<br><li>Prednja ko\u010dnica: dobo\u0161 ko\u010dnica<\/li>\n \t<li>Zadnja ko\u010dnica: ekspanziona ko\u010dnica<\/li>\n \t<li>Maksimalna brzina: \u2264 25km\/h<\/li>\n \t<li>Maksimalni domet: 30km\uff08Laboratorijski podaci, stvarna kilometra\u017ea je odre\u0111ena vremenom, temperaturom, otporom vetra, uslovima na putu, navikama u vo\u017enji itd.\uff09<\/li>\n<\/ul>\t\t\t\t\t\t\t\t<\/div>\n\t\t\t\t<\/div>\n\t\t\t\t\t<\/div>\n\t\t<\/div>\n\t\t\t\t\t<\/div>\n\t\t<\/section>\n\t\t\t\t<section class=\"elementor-section elementor-inner-section elementor-element elementor-element-5e80848 elementor-section-boxed elementor-section-height-default elementor-section-height-default\" data-id=\"5e80848\" data-element_type=\"section\" data-e-type=\"section\">\n\t\t\t\t\t\t<div class=\"elementor-container elementor-column-gap-default\">\n\t\t\t\t\t<div class=\"elementor-column elementor-col-50 elementor-inner-column elementor-element elementor-element-2c2b1568\" data-id=\"2c2b1568\" data-element_type=\"column\" data-e-type=\"column\">\n\t\t\t<div class=\"elementor-widget-wrap\">\n\t\t\t\t\t\t\t<\/div>\n\t\t<\/div>\n\t\t\t\t<div class=\"elementor-column elementor-col-50 elementor-inner-column elementor-element elementor-element-3af056e2\" data-id=\"3af056e2\" data-element_type=\"column\" data-e-type=\"column\">\n\t\t\t<div class=\"elementor-widget-wrap\">\n\t\t\t\t\t\t\t<\/div>\n\t\t<\/div>\n\t\t\t\t\t<\/div>\n\t\t<\/section>\n\t\t\t\t\t<\/div>\n\t\t<\/div>\n\t\t\t\t\t<\/div>\n\t\t<\/section>\n\t\t\t\t<\/div>","protected":false},"excerpt":{"rendered":"<p>APN elektrobicikli novi modeli za 2022. godinu modernog izgleda i odli\u010dnih performansi. U ponudi su modeli u plavoj crnoj i crvenoj boji. Dimenzije to\u010dkova su 22&#8243; i baterija od 48V 12Ah.<\/p>","protected":false},"featured_media":8424,"comment_status":"open","ping_status":"closed","template":"","meta":[],"product_brand":[],"product_cat":[78],"product_tag":[89],"class_list":{"0":"post-8423","1":"product","2":"type-product","3":"status-publish","4":"has-post-thumbnail","6":"product_cat-apn","7":"product_tag-apn-6","10":"instock","11":"downloadable","12":"shipping-taxable","13":"purchasable","14":"product-type-simple"},"yoast_head":"<!-- This site is optimized with the Yoast SEO Premium plugin v18.2.1 (Yoast SEO v27.4) - https:\/\/yoast.com\/product\/yoast-seo-premium-wordpress\/ -->\n<title>APN 6 Crni - ebikesrbija.rs<\/title>\n<meta name=\"description\" content=\"APN Crni\" \/>\n<meta name=\"robots\" content=\"index, follow, max-snippet:-1, max-image-preview:large, max-video-preview:-1\" \/>\n<link rel=\"canonical\" href=\"https:\/\/ebikesrbija.rs\/en\/product\/apn-6-crni\/\" \/>\n<meta property=\"og:locale\" content=\"en_US\" \/>\n<meta property=\"og:type\" content=\"article\" \/>\n<meta property=\"og:title\" content=\"APN 6 Crni\" \/>\n<meta property=\"og:description\" content=\"APN Crni\" \/>\n<meta property=\"og:url\" content=\"https:\/\/ebikesrbija.rs\/en\/product\/apn-6-crni\/\" \/>\n<meta property=\"og:site_name\" content=\"ebikesrbija.rs\" \/>\n<meta property=\"article:modified_time\" content=\"2025-01-10T02:57:38+00:00\" \/>\n<meta property=\"og:image\" content=\"https:\/\/ebikesrbija.rs\/wp-content\/uploads\/2022\/10\/APN-CRNI-levi-15001500.png\" \/>\n\t<meta property=\"og:image:width\" content=\"1500\" \/>\n\t<meta property=\"og:image:height\" content=\"1500\" \/>\n\t<meta property=\"og:image:type\" content=\"image\/png\" \/>\n<meta name=\"twitter:card\" content=\"summary_large_image\" \/>\n<meta name=\"twitter:label1\" content=\"Est. reading time\" \/>\n\t<meta name=\"twitter:data1\" content=\"1 minute\" \/>\n<script type=\"application\/ld+json\" class=\"yoast-schema-graph\">{\"@context\":\"https:\\\/\\\/schema.org\",\"@graph\":[{\"@type\":\"WebPage\",\"@id\":\"https:\\\/\\\/ebikesrbija.rs\\\/product\\\/apn-6-crni\\\/\",\"url\":\"https:\\\/\\\/ebikesrbija.rs\\\/product\\\/apn-6-crni\\\/\",\"name\":\"APN 6 Crni - ebikesrbija.rs\",\"isPartOf\":{\"@id\":\"https:\\\/\\\/ebikesrbija.rs\\\/#website\"},\"primaryImageOfPage\":{\"@id\":\"https:\\\/\\\/ebikesrbija.rs\\\/product\\\/apn-6-crni\\\/#primaryimage\"},\"image\":{\"@id\":\"https:\\\/\\\/ebikesrbija.rs\\\/product\\\/apn-6-crni\\\/#primaryimage\"},\"thumbnailUrl\":\"https:\\\/\\\/ebikesrbija.rs\\\/wp-content\\\/uploads\\\/2022\\\/10\\\/APN-CRNI-levi-15001500.png\",\"datePublished\":\"2022-10-04T16:19:17+00:00\",\"dateModified\":\"2025-01-10T02:57:38+00:00\",\"description\":\"APN Crni\",\"breadcrumb\":{\"@id\":\"https:\\\/\\\/ebikesrbija.rs\\\/product\\\/apn-6-crni\\\/#breadcrumb\"},\"inLanguage\":\"en-US\",\"potentialAction\":[{\"@type\":\"ReadAction\",\"target\":[\"https:\\\/\\\/ebikesrbija.rs\\\/product\\\/apn-6-crni\\\/\"]}]},{\"@type\":\"ImageObject\",\"inLanguage\":\"en-US\",\"@id\":\"https:\\\/\\\/ebikesrbija.rs\\\/product\\\/apn-6-crni\\\/#primaryimage\",\"url\":\"https:\\\/\\\/ebikesrbija.rs\\\/wp-content\\\/uploads\\\/2022\\\/10\\\/APN-CRNI-levi-15001500.png\",\"contentUrl\":\"https:\\\/\\\/ebikesrbija.rs\\\/wp-content\\\/uploads\\\/2022\\\/10\\\/APN-CRNI-levi-15001500.png\",\"width\":1500,\"height\":1500,\"caption\":\"apn 6 crni\"},{\"@type\":\"BreadcrumbList\",\"@id\":\"https:\\\/\\\/ebikesrbija.rs\\\/product\\\/apn-6-crni\\\/#breadcrumb\",\"itemListElement\":[{\"@type\":\"ListItem\",\"position\":1,\"name\":\"Home\",\"item\":\"https:\\\/\\\/ebikesrbija.rs\\\/\"},{\"@type\":\"ListItem\",\"position\":2,\"name\":\"Shop\",\"item\":\"https:\\\/\\\/ebikesrbija.rs\\\/shop\\\/\"},{\"@type\":\"ListItem\",\"position\":3,\"name\":\"APN 6 Crni\"}]},{\"@type\":\"WebSite\",\"@id\":\"https:\\\/\\\/ebikesrbija.rs\\\/#website\",\"url\":\"https:\\\/\\\/ebikesrbija.rs\\\/\",\"name\":\"ebikesrbija.rs\",\"description\":\"Just another WordPress site\",\"potentialAction\":[{\"@type\":\"SearchAction\",\"target\":{\"@type\":\"EntryPoint\",\"urlTemplate\":\"https:\\\/\\\/ebikesrbija.rs\\\/?s={search_term_string}\"},\"query-input\":{\"@type\":\"PropertyValueSpecification\",\"valueRequired\":true,\"valueName\":\"search_term_string\"}}],\"inLanguage\":\"en-US\"},{\"@type\":\"ImageObject\",\"inLanguage\":\"en-US\",\"@id\":\"https:\\\/\\\/ebikesrbija.rs\\\/product\\\/apn-6-crni\\\/#local-main-organization-logo\",\"url\":\"\",\"contentUrl\":\"\",\"caption\":\"ebikesrbija.rs\"}]}<\/script>\n<!-- \/ Yoast SEO Premium plugin. -->","yoast_head_json":{"title":"APN 6 Crni - ebikesrbija.rs","description":"APN Crni","robots":{"index":"index","follow":"follow","max-snippet":"max-snippet:-1","max-image-preview":"max-image-preview:large","max-video-preview":"max-video-preview:-1"},"canonical":"https:\/\/ebikesrbija.rs\/en\/product\/apn-6-crni\/","og_locale":"en_US","og_type":"article","og_title":"APN 6 Crni","og_description":"APN Crni","og_url":"https:\/\/ebikesrbija.rs\/en\/product\/apn-6-crni\/","og_site_name":"ebikesrbija.rs","article_modified_time":"2025-01-10T02:57:38+00:00","og_image":[{"width":1500,"height":1500,"url":"https:\/\/ebikesrbija.rs\/wp-content\/uploads\/2022\/10\/APN-CRNI-levi-15001500.png","type":"image\/png"}],"twitter_card":"summary_large_image","twitter_misc":{"Est. reading time":"1 minute"},"schema":{"@context":"https:\/\/schema.org","@graph":[{"@type":"WebPage","@id":"https:\/\/ebikesrbija.rs\/product\/apn-6-crni\/","url":"https:\/\/ebikesrbija.rs\/product\/apn-6-crni\/","name":"APN 6 Crni - ebikesrbija.rs","isPartOf":{"@id":"https:\/\/ebikesrbija.rs\/#website"},"primaryImageOfPage":{"@id":"https:\/\/ebikesrbija.rs\/product\/apn-6-crni\/#primaryimage"},"image":{"@id":"https:\/\/ebikesrbija.rs\/product\/apn-6-crni\/#primaryimage"},"thumbnailUrl":"https:\/\/ebikesrbija.rs\/wp-content\/uploads\/2022\/10\/APN-CRNI-levi-15001500.png","datePublished":"2022-10-04T16:19:17+00:00","dateModified":"2025-01-10T02:57:38+00:00","description":"APN Crni","breadcrumb":{"@id":"https:\/\/ebikesrbija.rs\/product\/apn-6-crni\/#breadcrumb"},"inLanguage":"en-US","potentialAction":[{"@type":"ReadAction","target":["https:\/\/ebikesrbija.rs\/product\/apn-6-crni\/"]}]},{"@type":"ImageObject","inLanguage":"en-US","@id":"https:\/\/ebikesrbija.rs\/product\/apn-6-crni\/#primaryimage","url":"https:\/\/ebikesrbija.rs\/wp-content\/uploads\/2022\/10\/APN-CRNI-levi-15001500.png","contentUrl":"https:\/\/ebikesrbija.rs\/wp-content\/uploads\/2022\/10\/APN-CRNI-levi-15001500.png","width":1500,"height":1500,"caption":"apn 6 crni"},{"@type":"BreadcrumbList","@id":"https:\/\/ebikesrbija.rs\/product\/apn-6-crni\/#breadcrumb","itemListElement":[{"@type":"ListItem","position":1,"name":"Home","item":"https:\/\/ebikesrbija.rs\/"},{"@type":"ListItem","position":2,"name":"Shop","item":"https:\/\/ebikesrbija.rs\/shop\/"},{"@type":"ListItem","position":3,"name":"APN 6 Crni"}]},{"@type":"WebSite","@id":"https:\/\/ebikesrbija.rs\/#website","url":"https:\/\/ebikesrbija.rs\/","name":"ebikesrbija.rs","description":"Just another WordPress site","potentialAction":[{"@type":"SearchAction","target":{"@type":"EntryPoint","urlTemplate":"https:\/\/ebikesrbija.rs\/?s={search_term_string}"},"query-input":{"@type":"PropertyValueSpecification","valueRequired":true,"valueName":"search_term_string"}}],"inLanguage":"en-US"},{"@type":"ImageObject","inLanguage":"en-US","@id":"https:\/\/ebikesrbija.rs\/product\/apn-6-crni\/#local-main-organization-logo","url":"","contentUrl":"","caption":"ebikesrbija.rs"}]}},"_links":{"self":[{"href":"https:\/\/ebikesrbija.rs\/en\/wp-json\/wp\/v2\/product\/8423","targetHints":{"allow":["GET"]}}],"collection":[{"href":"https:\/\/ebikesrbija.rs\/en\/wp-json\/wp\/v2\/product"}],"about":[{"href":"https:\/\/ebikesrbija.rs\/en\/wp-json\/wp\/v2\/types\/product"}],"replies":[{"embeddable":true,"href":"https:\/\/ebikesrbija.rs\/en\/wp-json\/wp\/v2\/comments?post=8423"}],"version-history":[{"count":11,"href":"https:\/\/ebikesrbija.rs\/en\/wp-json\/wp\/v2\/product\/8423\/revisions"}],"predecessor-version":[{"id":8615,"href":"https:\/\/ebikesrbija.rs\/en\/wp-json\/wp\/v2\/product\/8423\/revisions\/8615"}],"wp:featuredmedia":[{"embeddable":true,"href":"https:\/\/ebikesrbija.rs\/en\/wp-json\/wp\/v2\/media\/8424"}],"wp:attachment":[{"href":"https:\/\/ebikesrbija.rs\/en\/wp-json\/wp\/v2\/media?parent=8423"}],"wp:term":[{"taxonomy":"product_brand","embeddable":true,"href":"https:\/\/ebikesrbija.rs\/en\/wp-json\/wp\/v2\/product_brand?post=8423"},{"taxonomy":"product_cat","embeddable":true,"href":"https:\/\/ebikesrbija.rs\/en\/wp-json\/wp\/v2\/product_cat?post=8423"},{"taxonomy":"product_tag","embeddable":true,"href":"https:\/\/ebikesrbija.rs\/en\/wp-json\/wp\/v2\/product_tag?post=8423"}],"curies":[{"name":"wp","href":"https:\/\/api.w.org\/{rel}","templated":true}]}}